{"id":3236,"date":"2022-11-09T12:39:31","date_gmt":"2022-11-09T11:39:31","guid":{"rendered":"https:\/\/dev.sperrag.bertastrasse1.ch\/news\/"},"modified":"2024-10-28T17:32:36","modified_gmt":"2024-10-28T16:32:36","slug":"actuel","status":"publish","type":"page","link":"https:\/\/sperrag.ch\/fr\/actuel\/","title":{"rendered":"Actuel"},"content":{"rendered":"\n            <section class=\"header-image-block scrollMagic-block\" data-uid=\"69e761c1de94e\">\n            <div class=\"header-image\" style=\"background-image: url('https:\/\/sperrag.ch\/wp-content\/uploads\/sperrag-news-1.jpg')\"><\/div>\n        <\/section>\n    \n\n\n\n\n\n\n            <section class=\"page-main-title scrollMagic-block\" data-uid=\"69e761c1decff\">\n            \n            <h1 class=\"mb_0\">Nouveaut\u00e9s chez sperrag\n<\/h1>\n        <\/section>\n    \n\n\n\n\n\n\n    \n    <section class=\"news-block desktop white-bg\" id=\"\" data-currentpage=\"1\" data-maxnumpages=\"5\" data-parentid=\"3236\" data-recordscount=\"6\">\n        <div class=\"loading_fade\"><\/div>\n\n        <div class=\"news-cards\">\n            <!--this card is used for inspirations too-->\n<div class=\"news-card scrollMagic-block\" data-uid=\"69e761c1e63d6-10936-desktop\">\n    <div class=\"news-card-inner-container\">\n        <div class=\"news-text-block\">\n            <h3 class=\"mb_0\">Notre visite chez europlacHOUSE<\/h3>\n            <div class=\"mb-line-bigger\"><\/div>\n\n            \n                            <p class=\"mb_0\">Nombreux aper\u00e7us pr\u00e9cieux et de nouvelles id\u00e9es<\/p>\n                    <\/div>\n\n                <div class=\"news-card-image\" style=\"background-image: url('https:\/\/sperrag.ch\/wp-content\/uploads\/DSC_0240-scaled.jpg')\">\n                    <\/div>\n\n        <div class=\"button-block\">\n            <a href=\"https:\/\/sperrag.ch\/fr\/notre-visite-chez-europlachouse\/\" class=\"btn-primary-bg-full-width post-card-btn open-modal\" data-modalpostid=\"10936\" data-parentpageid=\"3236\">\n                <div>\n                    En savoir plus \u2026\n                <\/div>\n            <\/a>\n        <\/div>\n    <\/div>\n<\/div>\n<!--this card is used for inspirations too-->\n<div class=\"news-card scrollMagic-block\" data-uid=\"69e761c1e74f1-10909-desktop\">\n    <div class=\"news-card-inner-container\">\n        <div class=\"news-text-block\">\n            <h3 class=\"mb_0\">Lames de terrasse WPC Forexia Nuances<\/h3>\n            <div class=\"mb-line-bigger\"><\/div>\n\n            \n                            <p class=\"mb_0\">D\u00e9sormais \u00e9galement disponibles en longueur de 6 m\u00e8tres<\/p>\n                    <\/div>\n\n                <div class=\"news-card-image\" style=\"background-image: url('https:\/\/sperrag.ch\/wp-content\/uploads\/silvadec_Nuances_B0035-3-800x534.jpg')\">\n                    <\/div>\n\n        <div class=\"button-block\">\n            <a href=\"https:\/\/sperrag.ch\/fr\/lames-de-terrasse-wpc-forexia-nuances\/\" class=\"btn-primary-bg-full-width post-card-btn open-modal\" data-modalpostid=\"10909\" data-parentpageid=\"3236\">\n                <div>\n                    En savoir plus \u2026\n                <\/div>\n            <\/a>\n        <\/div>\n    <\/div>\n<\/div>\n<!--this card is used for inspirations too-->\n<div class=\"news-card scrollMagic-block\" data-uid=\"69e761c1e84a3-10755-desktop\">\n    <div class=\"news-card-inner-container\">\n        <div class=\"news-text-block\">\n            <h3 class=\"mb_0\">Lara Feldmann<\/h3>\n            <div class=\"mb-line-bigger\"><\/div>\n\n            \n                            <p class=\"mb_0\">Bienvenue dans l&rsquo;\u00e9quipe<\/p>\n                    <\/div>\n\n                <div class=\"news-card-image\" style=\"background-image: url('https:\/\/sperrag.ch\/wp-content\/uploads\/sperrag-lara-feldmann-800x578.jpg')\">\n                    <\/div>\n\n        <div class=\"button-block\">\n            <a href=\"https:\/\/sperrag.ch\/fr\/lara-feldmann\/\" class=\"btn-primary-bg-full-width post-card-btn open-modal\" data-modalpostid=\"10755\" data-parentpageid=\"3236\">\n                <div>\n                    En savoir plus \u2026\n                <\/div>\n            <\/a>\n        <\/div>\n    <\/div>\n<\/div>\n<!--this card is used for inspirations too-->\n<div class=\"news-card scrollMagic-block\" data-uid=\"69e761c1e982c-10461-desktop\">\n    <div class=\"news-card-inner-container\">\n        <div class=\"news-text-block\">\n            <h3 class=\"mb_0\">La base id\u00e9ale pour des portes performantes<\/h3>\n            <div class=\"mb-line-bigger\"><\/div>\n\n            \n                            <p class=\"mb_0\">Les noyaux de porte sperrag \u2013 la solution durable pour portes int\u00e9rieures et ext\u00e9rieures<\/p>\n                    <\/div>\n\n                <div class=\"news-card-image\" style=\"background-image: url('https:\/\/sperrag.ch\/wp-content\/uploads\/haustueren-761x800.jpg')\">\n                    <\/div>\n\n        <div class=\"button-block\">\n            <a href=\"https:\/\/sperrag.ch\/fr\/la-base-ideale-pour-des-portes-performantes\/\" class=\"btn-primary-bg-full-width post-card-btn open-modal\" data-modalpostid=\"10461\" data-parentpageid=\"3236\">\n                <div>\n                    En savoir plus \u2026\n                <\/div>\n            <\/a>\n        <\/div>\n    <\/div>\n<\/div>\n<!--this card is used for inspirations too-->\n<div class=\"news-card scrollMagic-block\" data-uid=\"69e761c1eafa9-10334-desktop\">\n    <div class=\"news-card-inner-container\">\n        <div class=\"news-text-block\">\n            <h3 class=\"mb_0\">sperrag en voyage<\/h3>\n            <div class=\"mb-line-bigger\"><\/div>\n\n            \n                            <p class=\"mb_0\">Une journ\u00e9e riche en impressions et en esprit d\u2019\u00e9quipe !<\/p>\n                    <\/div>\n\n                <div class=\"news-card-image\" style=\"background-image: url('https:\/\/sperrag.ch\/wp-content\/uploads\/20251017_150822-800x600.jpg')\">\n                    <\/div>\n\n        <div class=\"button-block\">\n            <a href=\"https:\/\/sperrag.ch\/fr\/sperrag-en-voyage\/\" class=\"btn-primary-bg-full-width post-card-btn open-modal\" data-modalpostid=\"10334\" data-parentpageid=\"3236\">\n                <div>\n                    En savoir plus \u2026\n                <\/div>\n            <\/a>\n        <\/div>\n    <\/div>\n<\/div>\n<!--this card is used for inspirations too-->\n<div class=\"news-card scrollMagic-block\" data-uid=\"69e761c1ebce3-10144-desktop\">\n    <div class=\"news-card-inner-container\">\n        <div class=\"news-text-block\">\n            <h3 class=\"mb_0\">VeroBoard\u00ae Element d\u00e9sormais avec certificat VKF<\/h3>\n            <div class=\"mb-line-bigger\"><\/div>\n\n            \n                            <p class=\"mb_0\">Un certificat VKF suppl\u00e9mentaire pour les panneaux RF1<\/p>\n                    <\/div>\n\n                <div class=\"news-card-image\" style=\"background-image: url('https:\/\/sperrag.ch\/wp-content\/uploads\/fire-alarm-5436690_1920-532x800.jpg')\">\n                    <\/div>\n\n        <div class=\"button-block\">\n            <a href=\"https:\/\/sperrag.ch\/fr\/__trashed\/\" class=\"btn-primary-bg-full-width post-card-btn open-modal\" data-modalpostid=\"10144\" data-parentpageid=\"3236\">\n                <div>\n                    En savoir plus \u2026\n                <\/div>\n            <\/a>\n        <\/div>\n    <\/div>\n<\/div>\n        <\/div>\n\n        <div class=\"pagination_container\">\n                            <div class=\"pagination_block\">\n                    <a href=\"#\" class=\"prev page-numbers disabled\" data-number=\"prev\">\n                <div>\n                    <span class=\"arrow_left\"><i class=\"fa-regular fa-chevron-left\"><\/i><\/span>\n                <\/div>\n            <\/a><div><a href=\"#\" class=\"current page-numbers\" data-number=\"1\">1<\/a><a href=\"#\" class=\"page-numbers\" data-number=\"2\">2<\/a><a href=\"#\" class=\"page-numbers\" data-number=\"3\">3<\/a><a href=\"#\" class=\"page-numbers\" data-number=\"4\">4<\/a><a href=\"#\" class=\"page-numbers\" data-number=\"5\">5<\/a><\/div><a href=\"#\" class=\"next page-numbers\" data-number=\"next\">\n                                <div>\n                                    <span class=\"arrow_right\"><i class=\"fa-regular fa-chevron-right\"><\/i><\/span>\n                                <\/div>\n                            <\/a>                <\/div>\n                    <\/div>\n\n    <\/section>\n\n    <section class=\"news-block mobile white-bg\" id=\"\" data-currentpage=\"1\" data-maxnumpages=\"9\" data-parentid=\"3236\" data-recordscount=\"3\">\n        <div class=\"loading_fade\"><\/div>\n\n        <div class=\"news-cards\">\n            <!--this card is used for inspirations too-->\n<div class=\"news-card scrollMagic-block\" data-uid=\"69e761c200ec3-10936-mobile\">\n    <div class=\"news-card-inner-container\">\n        <div class=\"news-text-block\">\n            <h3 class=\"mb_0\">Notre visite chez europlacHOUSE<\/h3>\n            <div class=\"mb-line-bigger\"><\/div>\n\n            \n                            <p class=\"mb_0\">Nombreux aper\u00e7us pr\u00e9cieux et de nouvelles id\u00e9es<\/p>\n                    <\/div>\n\n                <div class=\"news-card-image\" style=\"background-image: url('https:\/\/sperrag.ch\/wp-content\/uploads\/DSC_0240-scaled.jpg')\">\n                    <\/div>\n\n        <div class=\"button-block\">\n            <a href=\"https:\/\/sperrag.ch\/fr\/notre-visite-chez-europlachouse\/\" class=\"btn-primary-bg-full-width post-card-btn open-modal\" data-modalpostid=\"10936\" data-parentpageid=\"3236\">\n                <div>\n                    En savoir plus \u2026\n                <\/div>\n            <\/a>\n        <\/div>\n    <\/div>\n<\/div>\n<!--this card is used for inspirations too-->\n<div class=\"news-card scrollMagic-block\" data-uid=\"69e761c201243-10909-mobile\">\n    <div class=\"news-card-inner-container\">\n        <div class=\"news-text-block\">\n            <h3 class=\"mb_0\">Lames de terrasse WPC Forexia Nuances<\/h3>\n            <div class=\"mb-line-bigger\"><\/div>\n\n            \n                            <p class=\"mb_0\">D\u00e9sormais \u00e9galement disponibles en longueur de 6 m\u00e8tres<\/p>\n                    <\/div>\n\n                <div class=\"news-card-image\" style=\"background-image: url('https:\/\/sperrag.ch\/wp-content\/uploads\/silvadec_Nuances_B0035-3-800x534.jpg')\">\n                    <\/div>\n\n        <div class=\"button-block\">\n            <a href=\"https:\/\/sperrag.ch\/fr\/lames-de-terrasse-wpc-forexia-nuances\/\" class=\"btn-primary-bg-full-width post-card-btn open-modal\" data-modalpostid=\"10909\" data-parentpageid=\"3236\">\n                <div>\n                    En savoir plus \u2026\n                <\/div>\n            <\/a>\n        <\/div>\n    <\/div>\n<\/div>\n<!--this card is used for inspirations too-->\n<div class=\"news-card scrollMagic-block\" data-uid=\"69e761c2015be-10755-mobile\">\n    <div class=\"news-card-inner-container\">\n        <div class=\"news-text-block\">\n            <h3 class=\"mb_0\">Lara Feldmann<\/h3>\n            <div class=\"mb-line-bigger\"><\/div>\n\n            \n                            <p class=\"mb_0\">Bienvenue dans l&rsquo;\u00e9quipe<\/p>\n                    <\/div>\n\n                <div class=\"news-card-image\" style=\"background-image: url('https:\/\/sperrag.ch\/wp-content\/uploads\/sperrag-lara-feldmann-800x578.jpg')\">\n                    <\/div>\n\n        <div class=\"button-block\">\n            <a href=\"https:\/\/sperrag.ch\/fr\/lara-feldmann\/\" class=\"btn-primary-bg-full-width post-card-btn open-modal\" data-modalpostid=\"10755\" data-parentpageid=\"3236\">\n                <div>\n                    En savoir plus \u2026\n                <\/div>\n            <\/a>\n        <\/div>\n    <\/div>\n<\/div>\n        <\/div>\n\n        <div class=\"pagination_container\">\n                            <div class=\"pagination_block\">\n                    <a href=\"#\" class=\"prev page-numbers disabled\" data-number=\"prev\">\n                <div>\n                    <span class=\"arrow_left\"><i class=\"fa-regular fa-chevron-left\"><\/i><\/span>\n                <\/div>\n            <\/a><div><a href=\"#\" class=\"current page-numbers\" data-number=\"1\">1<\/a><a href=\"#\" class=\"page-numbers\" data-number=\"2\">2<\/a><a href=\"#\" class=\"page-numbers\" data-number=\"3\">3<\/a><a href=\"#\" class=\"page-numbers\" data-number=\"4\">4<\/a><a href=\"#\" class=\"page-numbers\" data-number=\"5\">5<\/a><a href=\"#\" class=\"page-numbers\" data-number=\"6\">6<\/a><a href=\"#\" class=\"page-numbers\" data-number=\"7\">7<\/a><a href=\"#\" class=\"page-numbers\" data-number=\"8\">8<\/a><a href=\"#\" class=\"page-numbers\" data-number=\"9\">9<\/a><\/div><a href=\"#\" class=\"next page-numbers\" data-number=\"next\">\n                                <div>\n                                    <span class=\"arrow_right\"><i class=\"fa-regular fa-chevron-right\"><\/i><\/span>\n                                <\/div>\n                            <\/a>                <\/div>\n                    <\/div>\n\n    <\/section>\n\n\n\n\n\n\n\n\n\n    <section class=\"divider-block white-bg super-small\"><\/section>\n\n\n\n\n\n\n\n\n    <section class=\"divider-block white-bg super-small\"><\/section>\n\n\n\n\n\n","protected":false},"excerpt":{"rendered":"","protected":false},"author":1,"featured_media":0,"parent":0,"menu_order":0,"comment_status":"closed","ping_status":"closed","template":"","meta":{"_acf_changed":false,"inline_featured_image":false,"footnotes":""},"class_list":["post-3236","page","type-page","status-publish","hentry"],"acf":[],"yoast_head":"<!-- This site is optimized with the Yoast SEO plugin v27.4 - https:\/\/yoast.com\/product\/yoast-seo-wordpress\/ -->\n<title>Actuel - sperrag<\/title>\n<meta name=\"robots\" content=\"index, follow, max-snippet:-1, max-image-preview:large, max-video-preview:-1\" \/>\n<link rel=\"canonical\" href=\"https:\/\/sperrag.ch\/fr\/actuel\/\" \/>\n<meta property=\"og:locale\" content=\"fr_FR\" \/>\n<meta property=\"og:type\" content=\"article\" \/>\n<meta property=\"og:title\" content=\"Actuel - sperrag\" \/>\n<meta property=\"og:url\" content=\"https:\/\/sperrag.ch\/fr\/actuel\/\" \/>\n<meta property=\"og:site_name\" content=\"sperrag\" \/>\n<meta property=\"article:modified_time\" content=\"2024-10-28T16:32:36+00:00\" \/>\n<meta name=\"twitter:card\" content=\"summary_large_image\" \/>\n<script type=\"application\/ld+json\" class=\"yoast-schema-graph\">{\"@context\":\"https:\\\/\\\/schema.org\",\"@graph\":[{\"@type\":\"WebPage\",\"@id\":\"https:\\\/\\\/sperrag.ch\\\/fr\\\/actuel\\\/\",\"url\":\"https:\\\/\\\/sperrag.ch\\\/fr\\\/actuel\\\/\",\"name\":\"Actuel - sperrag\",\"isPartOf\":{\"@id\":\"https:\\\/\\\/sperrag.ch\\\/#website\"},\"datePublished\":\"2022-11-09T11:39:31+00:00\",\"dateModified\":\"2024-10-28T16:32:36+00:00\",\"breadcrumb\":{\"@id\":\"https:\\\/\\\/sperrag.ch\\\/fr\\\/actuel\\\/#breadcrumb\"},\"inLanguage\":\"fr-FR\",\"potentialAction\":[{\"@type\":\"ReadAction\",\"target\":[\"https:\\\/\\\/sperrag.ch\\\/fr\\\/actuel\\\/\"]}]},{\"@type\":\"BreadcrumbList\",\"@id\":\"https:\\\/\\\/sperrag.ch\\\/fr\\\/actuel\\\/#breadcrumb\",\"itemListElement\":[{\"@type\":\"ListItem\",\"position\":1,\"name\":\"Home\",\"item\":\"https:\\\/\\\/sperrag.ch\\\/fr\\\/\"},{\"@type\":\"ListItem\",\"position\":2,\"name\":\"Actuel\"}]},{\"@type\":\"WebSite\",\"@id\":\"https:\\\/\\\/sperrag.ch\\\/#website\",\"url\":\"https:\\\/\\\/sperrag.ch\\\/\",\"name\":\"sperrag\",\"description\":\"\",\"publisher\":{\"@id\":\"https:\\\/\\\/sperrag.ch\\\/#organization\"},\"potentialAction\":[{\"@type\":\"SearchAction\",\"target\":{\"@type\":\"EntryPoint\",\"urlTemplate\":\"https:\\\/\\\/sperrag.ch\\\/?s={search_term_string}\"},\"query-input\":{\"@type\":\"PropertyValueSpecification\",\"valueRequired\":true,\"valueName\":\"search_term_string\"}}],\"inLanguage\":\"fr-FR\"},{\"@type\":\"Organization\",\"@id\":\"https:\\\/\\\/sperrag.ch\\\/#organization\",\"name\":\"sperrag ag\",\"url\":\"https:\\\/\\\/sperrag.ch\\\/\",\"logo\":{\"@type\":\"ImageObject\",\"inLanguage\":\"fr-FR\",\"@id\":\"https:\\\/\\\/sperrag.ch\\\/#\\\/schema\\\/logo\\\/image\\\/\",\"url\":\"https:\\\/\\\/sperrag.ch\\\/wp-content\\\/uploads\\\/Sperrag_logo.svg\",\"contentUrl\":\"https:\\\/\\\/sperrag.ch\\\/wp-content\\\/uploads\\\/Sperrag_logo.svg\",\"width\":421,\"height\":89,\"caption\":\"sperrag ag\"},\"image\":{\"@id\":\"https:\\\/\\\/sperrag.ch\\\/#\\\/schema\\\/logo\\\/image\\\/\"},\"sameAs\":[\"https:\\\/\\\/www.linkedin.com\\\/company\\\/sperrag-ag\"]}]}<\/script>\n<!-- \/ Yoast SEO plugin. -->","yoast_head_json":{"title":"Actuel - sperrag","robots":{"index":"index","follow":"follow","max-snippet":"max-snippet:-1","max-image-preview":"max-image-preview:large","max-video-preview":"max-video-preview:-1"},"canonical":"https:\/\/sperrag.ch\/fr\/actuel\/","og_locale":"fr_FR","og_type":"article","og_title":"Actuel - sperrag","og_url":"https:\/\/sperrag.ch\/fr\/actuel\/","og_site_name":"sperrag","article_modified_time":"2024-10-28T16:32:36+00:00","twitter_card":"summary_large_image","schema":{"@context":"https:\/\/schema.org","@graph":[{"@type":"WebPage","@id":"https:\/\/sperrag.ch\/fr\/actuel\/","url":"https:\/\/sperrag.ch\/fr\/actuel\/","name":"Actuel - sperrag","isPartOf":{"@id":"https:\/\/sperrag.ch\/#website"},"datePublished":"2022-11-09T11:39:31+00:00","dateModified":"2024-10-28T16:32:36+00:00","breadcrumb":{"@id":"https:\/\/sperrag.ch\/fr\/actuel\/#breadcrumb"},"inLanguage":"fr-FR","potentialAction":[{"@type":"ReadAction","target":["https:\/\/sperrag.ch\/fr\/actuel\/"]}]},{"@type":"BreadcrumbList","@id":"https:\/\/sperrag.ch\/fr\/actuel\/#breadcrumb","itemListElement":[{"@type":"ListItem","position":1,"name":"Home","item":"https:\/\/sperrag.ch\/fr\/"},{"@type":"ListItem","position":2,"name":"Actuel"}]},{"@type":"WebSite","@id":"https:\/\/sperrag.ch\/#website","url":"https:\/\/sperrag.ch\/","name":"sperrag","description":"","publisher":{"@id":"https:\/\/sperrag.ch\/#organization"},"potentialAction":[{"@type":"SearchAction","target":{"@type":"EntryPoint","urlTemplate":"https:\/\/sperrag.ch\/?s={search_term_string}"},"query-input":{"@type":"PropertyValueSpecification","valueRequired":true,"valueName":"search_term_string"}}],"inLanguage":"fr-FR"},{"@type":"Organization","@id":"https:\/\/sperrag.ch\/#organization","name":"sperrag ag","url":"https:\/\/sperrag.ch\/","logo":{"@type":"ImageObject","inLanguage":"fr-FR","@id":"https:\/\/sperrag.ch\/#\/schema\/logo\/image\/","url":"https:\/\/sperrag.ch\/wp-content\/uploads\/Sperrag_logo.svg","contentUrl":"https:\/\/sperrag.ch\/wp-content\/uploads\/Sperrag_logo.svg","width":421,"height":89,"caption":"sperrag ag"},"image":{"@id":"https:\/\/sperrag.ch\/#\/schema\/logo\/image\/"},"sameAs":["https:\/\/www.linkedin.com\/company\/sperrag-ag"]}]}},"_links":{"self":[{"href":"https:\/\/sperrag.ch\/fr\/wp-json\/wp\/v2\/pages\/3236","targetHints":{"allow":["GET"]}}],"collection":[{"href":"https:\/\/sperrag.ch\/fr\/wp-json\/wp\/v2\/pages"}],"about":[{"href":"https:\/\/sperrag.ch\/fr\/wp-json\/wp\/v2\/types\/page"}],"author":[{"embeddable":true,"href":"https:\/\/sperrag.ch\/fr\/wp-json\/wp\/v2\/users\/1"}],"replies":[{"embeddable":true,"href":"https:\/\/sperrag.ch\/fr\/wp-json\/wp\/v2\/comments?post=3236"}],"version-history":[{"count":7,"href":"https:\/\/sperrag.ch\/fr\/wp-json\/wp\/v2\/pages\/3236\/revisions"}],"predecessor-version":[{"id":8399,"href":"https:\/\/sperrag.ch\/fr\/wp-json\/wp\/v2\/pages\/3236\/revisions\/8399"}],"wp:attachment":[{"href":"https:\/\/sperrag.ch\/fr\/wp-json\/wp\/v2\/media?parent=3236"}],"curies":[{"name":"wp","href":"https:\/\/api.w.org\/{rel}","templated":true}]}}